{"id":652,"date":"2012-09-25T09:14:08","date_gmt":"2012-09-25T09:14:08","guid":{"rendered":"http:\/\/weingut.johner.de\/en\/?page_id=652"},"modified":"2013-04-03T12:02:51","modified_gmt":"2013-04-03T12:02:51","slug":"archiv","status":"publish","type":"page","link":"https:\/\/weingut.johner.de\/en\/events\/archiv\/","title":{"rendered":"Archiv"},"content":{"rendered":"<p><strong>24-26. March 2013<br \/>\nProwein in D\u00fcsseldorf <\/strong><br \/>\nPlease come to visit us and taste our wines at the joint stand with Stecher &amp; Krahn.<\/p>\n<p><strong>23. M\u00e4rz 2013<\/strong><br \/>\n<strong> Weindepot Hillebrand D\u00fcsseldorf<\/strong><br \/>\nfrom 10:00-14:00 you can visit us at the Parkstra\u00dfe 8-10, 40477 D\u00fcsseldorf to try our Wines. Please click here to see the video <a href=\"http:\/\/i.johner.de\/watch?v=FtiSh-Avj4o\" target=\"_blank\">kleines Video&#8230;<\/a><br \/>\n<strong>05. January 2013<\/strong><\/p>\n<p><strong>17. March 2013<\/strong><br \/>\n<strong>Kitchenparty at the Vila Vita in Marburg.<\/strong><\/p>\n<p><strong>16. March 2013<br \/>\nWinetasting session in Hamburg with the Socialmedia &#8216;Nerds&#8217;<\/strong><br \/>\n<strong><\/strong><\/p>\n<p><strong>25. February 2013 <\/strong><br \/>\n<strong>Wine Fair on Sylt<\/strong> at the Winedealers<strong> Heiliger,<\/strong> more information can be found shortly on this <a title=\"Sylt\" href=\"http:\/\/www.weinheiliger.de\/index.php?option=com_content&amp;view=article&amp;id=10&amp;Itemid=4\" target=\"_blank\">website.<\/a><\/p>\n<p><strong>24. February 2013 <\/strong><br \/>\nDegustations Menu at the Hotel <strong>Dyvig Badehotel<\/strong> presenting the wines from Johner vineyards. Visit us in <strong>Denmark<\/strong>. Further Information will follow or visit the website: www.dyvigbadehotel.dk<\/p>\n<p><strong>22. &#8211; 23. Februar 2013<\/strong><br \/>\n<strong>Hausmesse von <a href=\"http:\/\/www.edelrausch.de\" target=\"_blank\">Edelrausch<\/a><\/strong><br \/>\nFr 22.02.13 (15.00-22.00)<br \/>\nSa 23.02.13 (12.00-20.00)<br \/>\nBautzner Str. 2 (am Albertplatz)<br \/>\n01099 Dresden<br \/>\nPlease contact us to make a resevation:<br \/>\nFax.: 0351-810 337-10, Tel.: 810 337- 0 oder info@edelrausch.de<\/p>\n<p><strong>Winetasting with the Senior Winemaker at the Hotel \u00d6schberghof<\/strong><br \/>\n\u201eBaden meets New Zealand\u201c \u2013 Karl-Heinz Johner will persent his wines from both his vineyards in Kaiserstuhl and New Zealand<br \/>\n<a href=\"http:\/\/www.oeschberghof.com\/\" target=\"_blank\">www.oeschberghof.com<\/a><\/p>\n<p><strong>13. Dezember 2012<\/strong><br \/>\n<strong>Winetasting <\/strong>in the evening at<strong> <a href=\"http:\/\/www.traube-blansingen.de\" target=\"_blank\">Traube Blansingen<\/a><\/strong><br \/>\n5 Course Menu Eur149 inclusive corresponding drinks:<br \/>\nMarinierte G\u00e4nselebert mit Rauchaal, Rote Bete und Granny-Smith-Apfel<br \/>\n(Gooseliver with smoked eal, beetroot &amp; Granny Smith Apple)<br \/>\nSt. Jakobsmuschel mit Karotte, Ingwer und Koriander<br \/>\n(Scalops with carrot, ginger and coriander)<br \/>\nSteinbutt mit Schwarzwurzeln und Wintertr\u00fcffel<br \/>\n(Turbot with scorzonera and winter truffels)<br \/>\nRehr\u00fccken mit schwarzem Rettich und geschmorter Feige<br \/>\n(Roast saddle of Venison with black raddisch and braised Figs)<br \/>\nGanache von Valrhona Schokolade und Kaffee mit Passionsfruchtsorbert<br \/>\n(Ganache of Valrhona chocolate and coffee with Passionfruit sorbert)<\/p>\n<p><strong>24. November 2012<br \/>\nDeutsche Riesling Cup with the magazine DER FEINSCMECKER at the hotel Bayerischer Hof in M\u00fcnchen<\/strong><br \/>\nWe invite you to the grand gala where the Riesling Cup of 2012 will be presented. Whilst you enjoy the Party the Cr\u00e8me de la cr\u00e8me of German Vineyards and Winemakers will be offering a tasting of their wines! Please come to taste our wines from our vineyard &#8216;<strong>Weingut Karl H. Johner&#8217;<\/strong> so we can celebrate together the great sucess of German wines 2012.<br \/>\nMore information you will find here, please click: <strong><a title=\"Feinschmecker\" href=\"http:\/\/www.viehhauser-weine.de\/index.php?option=com_content&amp;view=article&amp;id=10&amp;Itemid=17\" target=\"_blank\">www.der-feinschmecker<\/a><\/strong><\/p>\n<p><strong>9-10. November 2012<br \/>\nHieber\u00b4s Weinmesse <\/strong>&#8211; a festival for the soul at the<strong> Burghof in L\u00f6rrach.<\/strong><br \/>\nFriday: 18.00 &#8211; 24.00<br \/>\nSaturday: 12.00 &#8211; 17.00 und 18.00 &#8211; 24.00<br \/>\nWe invite you to join us to try the Hieber\u00b4s Frische Center wide range of wines including the wine from <strong>Weingut Karl H. Johner &amp; Johner Estate<\/strong> as well as a very palatable large variety of food being offered on the second level. To ensure you have safe journey home, we would recommend, you use the Shuttle-Bus services.<br \/>\nFor further details please click here: <strong><a title=\"Hiebers weinmesse\" href=\"http:\/\/www.viehhauser-weine.de\/index.php?option=com_content&amp;view=article&amp;id=10&amp;Itemid=17\" target=\"_blank\">www.weinkrebs.de\/weinevents<\/a><\/strong><\/p>\n<p><strong>09-11. November 2012<br \/>\nPlaza Culinaria Freiburg<\/strong> where you will find the wines from <strong>Weingut Karl H. Johner &amp; Johner Estate<\/strong> along with lots of delicious food offerings. <strong>Tickets are on sale from the 28. September 2012!<\/strong><br \/>\n<strong>Opening Hours:<\/strong> Messe 1<br \/>\nFriday, 9. November 16 &#8211; 23<br \/>\nSaturday, 10. November 11 &#8211; 23<br \/>\nSunday, 11 November 11 &#8211; 20<br \/>\n<strong>Ticketprice<\/strong>: Regular 10,00 \u20ac &amp; Rebatted 8,00 \u20ac<br \/>\n<strong>Ticket offices:<\/strong><br \/>\nInformation Messeleitung or Tourist Information<br \/>\nEuropaplatz 1 Rathausplatz 2-4<br \/>\n79108 Freiburg 79098 Freiburg<br \/>\nTel.0761 3881 02 Tel. 0761 3881-880<br \/>\nMore infromation you will find via this link: <strong><a title=\"culinaria freiburg\" href=\"http:\/\/www.viehhauser-weine.de\/index.php?option=com_content&amp;view=article&amp;id=10&amp;Itemid=17\" target=\"_blank\">www.messen.freiburg.de<\/a><\/strong><\/p>\n<p><strong>17. November 2012 from 15:00-22:00<br \/>\nWalter&#8217;s Weinemesse Lahr<\/strong><br \/>\nThe Weinmesse is celebrating it&#8217;s 5 sucessful year at the <strong>Stiftsschaffneikeller<\/strong> des Kulturkreises Lahr, Friedrichstra\u00dfe 7 (at Urteilsplatz) in Lahr. Please come and try the various wines on offer from <strong>Vineyards<\/strong> of the area <strong>Baden<\/strong>, Europe or <strong>Overseas<\/strong>.Many vineyard owners and winemakers will be present, as are we from the vineyard <strong>Karl H. Johner (Deutschland) &amp; Johner Estate (Neu Zealand)<\/strong> Ticket price 5,&#8211; \u20ac\/pre Person. When purchasing on that day from any stand you will gain a 5% discount.<br \/>\nFurther details please click here: <strong><a title=\"Walters Kellerei Lahr\" href=\"http:\/\/www.viehhauser-weine.de\/index.php?option=com_content&amp;view=article&amp;id=10&amp;Itemid=17\" target=\"_blank\">www.walterskellerei.de<\/a><\/strong><\/p>\n<p><strong>2. November 2012<\/strong><br \/>\n<strong><span style=\"color: #993300;\">Weinland &#8220;Neuseeland&#8221;<\/span><\/strong><br \/>\nDegustationsmenu and Winetasting with the La Cave Weinfachhandel Conrad and Schloss-Sch\u00e4nke<br \/>\nFurther information you can find here: <strong><a href=\"http:\/\/www.literaturpflaster.com\/weinland-neuseeland.html\" target=\"_blank\">hier..<\/a><\/strong><\/p>\n<p><strong>27-28. Oktober 2012 from 11.00 &#8211; 18.00<br \/>\nAnton Viehhauser<\/strong> and <strong>Weingut Karl H. Johner &amp; Johner Estate<\/strong> are jointly being repersented at the &#8216;Gro\u00dfe Hausweinmesse&#8217; at the Hafen Klub Hamburg.<br \/>\nFor further information please click here: <strong><a title=\"viehhauser\" href=\"http:\/\/www.viehhauser-weine.de\/index.php?option=com_content&amp;view=article&amp;id=10&amp;Itemid=17\" target=\"_blank\">www.viehhauser-weine.de<\/a><\/strong><\/p>\n<p><strong>28. Oktober 2012<\/strong><br \/>\n<strong>E-Center Waldshut-Tiegen and Weingut Karl H.Johner &amp; Johner Estate<\/strong> wish to invite you to visit our stand that Sunday to try our wide range of German and New Zealand wines.<\/p>\n<p><strong><strong>29.September 2012- Due to lack of interest will not take place<\/strong><br \/>\n<strong>17te B\u00fchlertaler Wein Wochen Bergfriedel<\/strong><\/strong><br \/>\nFrom 19.00 at the Hotel-Restaurant \u201eBergfriedel\u201c<br \/>\nWeinguestspeaker <strong><em>Patrick Johner<\/em><\/strong> will give you insight into the next generation&#8217;s views of how the traditional family vineyard businesses are developing within a very relaxed atmosphere. Come to enjoy a culinary expreince that you will remember forever, especialy after tasting high quality, well rounded, simple to complex wines of <strong>Karl H<\/strong>. <strong>Johner &amp; Johner Estate <\/strong>as well as the equist Cuisine of the Bergfriedel restaurant.<br \/>\nFor further information please click here: <a title=\"Bergfriedel\" href=\"http:\/\/www.bergfriedel.de\/aktionen__news,91726.html\" target=\"_blank\"><strong>www.bergfriedel.de\/aktionen<\/strong><\/a><\/p>\n","protected":false},"excerpt":{"rendered":"<p>24-26. March 2013 Prowein in D\u00fcsseldorf Please come to visit us and taste our wines at the joint stand with Stecher &amp; Krahn. 23. M\u00e4rz 2013 Weindepot Hillebrand D\u00fcsseldorf from 10:00-14:00 you can visit us at the Parkstra\u00dfe 8-10, 40477 &hellip; <a href=\"https:\/\/weingut.johner.de\/en\/events\/archiv\/\">Continue reading <span class=\"meta-nav\">&rarr;<\/span><\/a><\/p>\n","protected":false},"author":3,"featured_media":0,"parent":13,"menu_order":0,"comment_status":"open","ping_status":"open","template":"","meta":[],"_links":{"self":[{"href":"https:\/\/weingut.johner.de\/en\/wp-json\/wp\/v2\/pages\/652"}],"collection":[{"href":"https:\/\/weingut.johner.de\/en\/wp-json\/wp\/v2\/pages"}],"about":[{"href":"https:\/\/weingut.johner.de\/en\/wp-json\/wp\/v2\/types\/page"}],"author":[{"embeddable":true,"href":"https:\/\/weingut.johner.de\/en\/wp-json\/wp\/v2\/users\/3"}],"replies":[{"embeddable":true,"href":"https:\/\/weingut.johner.de\/en\/wp-json\/wp\/v2\/comments?post=652"}],"version-history":[{"count":12,"href":"https:\/\/weingut.johner.de\/en\/wp-json\/wp\/v2\/pages\/652\/revisions"}],"predecessor-version":[{"id":798,"href":"https:\/\/weingut.johner.de\/en\/wp-json\/wp\/v2\/pages\/652\/revisions\/798"}],"up":[{"embeddable":true,"href":"https:\/\/weingut.johner.de\/en\/wp-json\/wp\/v2\/pages\/13"}],"wp:attachment":[{"href":"https:\/\/weingut.johner.de\/en\/wp-json\/wp\/v2\/media?parent=652"}],"curies":[{"name":"wp","href":"https:\/\/api.w.org\/{rel}","templated":true}]}}